{"id":50141,"date":"2021-09-08T15:26:59","date_gmt":"2021-09-08T15:26:59","guid":{"rendered":"https:\/\/uk607.directrouter.com\/~cyqhytou\/?page_id=50141"},"modified":"2021-09-14T18:06:37","modified_gmt":"2021-09-14T18:06:37","slug":"quality","status":"publish","type":"page","link":"https:\/\/uk607.directrouter.com\/~cyqhytou\/spanish\/quality","title":{"rendered":"Calidad"},"content":{"rendered":"<p>[vc_row][vc_column width=&#8221;1\/4&#8243;][vc_single_image image=&#8221;50134&#8243; img_size=&#8221;full&#8221;][\/vc_column][vc_column width=&#8221;3\/4&#8243;][vc_column_text]Para garantizar la calidad de nuestros dispositivos innovadores para la\u00a0<img loading=\"lazy\" decoding=\"async\" class=\"size-full wp-image-50142 alignright\" src=\"https:\/\/uk607.directrouter.com\/~cyqhytou\/wp-content\/uploads\/2021\/09\/tuv.jpg\" alt=\"\" width=\"182\" height=\"97\" \/>comunidad\u00a0m\u00e9dica\u00a0, tenemos un sistema de gesti\u00f3n de calidad formal que est\u00e1 certificado seg\u00fan los requisitos de ISO13485: 2016.\u00a0Todos los productos de Welfare Medical tienen la marca CE.\u00a0Estamos comprometidos a mantener un sistema de calidad que proporcione productos y servicios seguros y eficaces que satisfagan las necesidades y requisitos de nuestros clientes.\u00a0Estamos orgullosos de cooperar con T\u00dcV S\u00dcD como nuestro organismo notificado[\/vc_column_text][\/vc_column][\/vc_row][vc_row][vc_column][vc_column_text]<strong>POL\u00cdTICA DE CALIDAD<\/strong><\/p>\n<p>Como parte de su dedicaci\u00f3n a la excelencia, Welfare Medical Ltd. est\u00e1 comprometida con el suministro constante de productos m\u00e9dicos de alta calidad, con dise\u00f1os innovadores, que brindan un valor excepcional a los usuarios.<\/p>\n<p>Esta empresa deber\u00e1 cumplir con los requisitos de EN ISO 13485: 2016, el Reglamento (UE) 2017\/745 del Parlamento Europeo y del Consejo de 5 de abril de 2017, y el (Reino Unido) MDR 2002 (MDD 93\/42 \/ CEE enmendado para 2007\/47 \/ EC), con el fin de establecer, mantener y mejorar continuamente la efectividad del Sistema de Gesti\u00f3n de la Calidad.<\/p>\n<p>La gerencia se esforzar\u00e1 por lograr y mantener los m\u00e1s altos est\u00e1ndares posibles de calidad y servicio para cumplir o superar las expectativas del cliente.\u00a0Es pol\u00edtica de la empresa:<br \/>\nMantener y mantener registros del sistema de gesti\u00f3n de la calidad de acuerdo con los est\u00e1ndares, regulaciones y directivas vigentes.<\/p>\n<ul>\n<li>Aseg\u00farese de que los involucrados est\u00e9n capacitados y familiarizados con su funci\u00f3n dentro del sistema de gesti\u00f3n de calidad, de modo que la empresa suministre productos de calidad y un buen servicio al cliente de manera constante.<\/li>\n<li>Desarrolle o adquiera productos que sean efectivos, seguros y confiables.<\/li>\n<li>Esforzarse por la mejora continua en el desempe\u00f1o a trav\u00e9s de comunicaciones internas y externas.<\/li>\n<\/ul>\n<p>[\/vc_column_text]<div id=\"ultimate-heading-944869fb83fe2a169\" class=\"uvc-heading ult-adjust-bottom-margin ultimate-heading-944869fb83fe2a169 uvc-6242  uvc-heading-default-font-sizes\" data-hspacer=\"no_spacer\"  data-halign=\"left\" style=\"text-align:left\"><div class=\"uvc-heading-spacer no_spacer\" style=\"top\"><\/div><div class=\"uvc-main-heading ult-responsive\"  data-ultimate-target='.uvc-heading.ultimate-heading-944869fb83fe2a169 h2'  data-responsive-json-new='{\"font-size\":\"\",\"line-height\":\"\"}' ><h2 style=\"--font-weight:theme;\">Welfare Medical sus soluciones quir\u00fargicas<\/h2><\/div><\/div>[\/vc_column][\/vc_row]<\/p>\n","protected":false},"excerpt":{"rendered":"<p>[vc_row][vc_column width=&#8221;1\/4&#8243;][vc_single_image image=&#8221;50134&#8243; img_size=&#8221;full&#8221;][\/vc_column][vc_column width=&#8221;3\/4&#8243;][vc_column_text]Para garantizar la calidad de nuestros dispositivos innovadores para la\u00a0comunidad\u00a0m\u00e9dica\u00a0, tenemos un sistema de gesti\u00f3n de calidad formal que est\u00e1 certificado seg\u00fan los requisitos de ISO13485: 2016.\u00a0Todos los productos de Welfare Medical tienen la marca CE.\u00a0Estamos comprometidos a mantener un sistema de calidad que proporcione productos y servicios seguros y eficaces&hellip;<\/p>\n","protected":false},"author":1,"featured_media":0,"parent":0,"menu_order":0,"comment_status":"closed","ping_status":"closed","template":"","meta":[],"class_list":["post-50141","page","type-page","status-publish","hentry","description-off"],"yoast_head":"<!-- This site is optimized with the Yoast SEO plugin v17.0 - https:\/\/yoast.com\/wordpress\/plugins\/seo\/ -->\n<title>Calidad - welfaremedical.com<\/title>\n<meta name=\"robots\" content=\"index, follow, max-snippet:-1, max-image-preview:large, max-video-preview:-1\" \/>\n<link rel=\"canonical\" href=\"https:\/\/uk607.directrouter.com\/~cyqhytou\/spanish\/quality\" \/>\n<meta property=\"og:locale\" content=\"en_US\" \/>\n<meta property=\"og:type\" content=\"article\" \/>\n<meta property=\"og:title\" content=\"Calidad - welfaremedical.com\" \/>\n<meta property=\"og:description\" content=\"[vc_row][vc_column width=&#8221;1\/4&#8243;][vc_single_image image=&#8221;50134&#8243; img_size=&#8221;full&#8221;][\/vc_column][vc_column width=&#8221;3\/4&#8243;][vc_column_text]Para garantizar la calidad de nuestros dispositivos innovadores para la\u00a0comunidad\u00a0m\u00e9dica\u00a0, tenemos un sistema de gesti\u00f3n de calidad formal que est\u00e1 certificado seg\u00fan los requisitos de ISO13485: 2016.\u00a0Todos los productos de Welfare Medical tienen la marca CE.\u00a0Estamos comprometidos a mantener un sistema de calidad que proporcione productos y servicios seguros y eficaces&hellip;\" \/>\n<meta property=\"og:url\" content=\"https:\/\/uk607.directrouter.com\/~cyqhytou\/spanish\/quality\" \/>\n<meta property=\"og:site_name\" content=\"welfaremedical.com\" \/>\n<meta property=\"article:modified_time\" content=\"2021-09-14T18:06:37+00:00\" \/>\n<meta property=\"og:image\" content=\"https:\/\/uk607.directrouter.com\/~cyqhytou\/wp-content\/uploads\/2021\/09\/tuv.jpg\" \/>\n<meta name=\"twitter:card\" content=\"summary_large_image\" \/>\n<meta name=\"twitter:label1\" content=\"Est. reading time\" \/>\n\t<meta name=\"twitter:data1\" content=\"2 minutes\" \/>\n<script type=\"application\/ld+json\" class=\"yoast-schema-graph\">{\"@context\":\"https:\/\/schema.org\",\"@graph\":[{\"@type\":\"WebSite\",\"@id\":\"https:\/\/uk607.directrouter.com\/~cyqhytou\/spanish\/#website\",\"url\":\"https:\/\/uk607.directrouter.com\/~cyqhytou\/spanish\/\",\"name\":\"welfaremedical.com\",\"description\":\"welfaremedical.com\",\"potentialAction\":[{\"@type\":\"SearchAction\",\"target\":{\"@type\":\"EntryPoint\",\"urlTemplate\":\"https:\/\/uk607.directrouter.com\/~cyqhytou\/spanish\/?s={search_term_string}\"},\"query-input\":\"required name=search_term_string\"}],\"inLanguage\":\"en-US\"},{\"@type\":\"ImageObject\",\"@id\":\"https:\/\/uk607.directrouter.com\/~cyqhytou\/spanish\/quality#primaryimage\",\"inLanguage\":\"en-US\",\"url\":\"https:\/\/uk607.directrouter.com\/~cyqhytou\/wp-content\/uploads\/2021\/09\/tuv.jpg\",\"contentUrl\":\"https:\/\/uk607.directrouter.com\/~cyqhytou\/wp-content\/uploads\/2021\/09\/tuv.jpg\"},{\"@type\":\"WebPage\",\"@id\":\"https:\/\/uk607.directrouter.com\/~cyqhytou\/spanish\/quality#webpage\",\"url\":\"https:\/\/uk607.directrouter.com\/~cyqhytou\/spanish\/quality\",\"name\":\"Calidad - welfaremedical.com\",\"isPartOf\":{\"@id\":\"https:\/\/uk607.directrouter.com\/~cyqhytou\/spanish\/#website\"},\"primaryImageOfPage\":{\"@id\":\"https:\/\/uk607.directrouter.com\/~cyqhytou\/spanish\/quality#primaryimage\"},\"datePublished\":\"2021-09-08T15:26:59+00:00\",\"dateModified\":\"2021-09-14T18:06:37+00:00\",\"breadcrumb\":{\"@id\":\"https:\/\/uk607.directrouter.com\/~cyqhytou\/spanish\/quality#breadcrumb\"},\"inLanguage\":\"en-US\",\"potentialAction\":[{\"@type\":\"ReadAction\",\"target\":[\"https:\/\/uk607.directrouter.com\/~cyqhytou\/spanish\/quality\"]}]},{\"@type\":\"BreadcrumbList\",\"@id\":\"https:\/\/uk607.directrouter.com\/~cyqhytou\/spanish\/quality#breadcrumb\",\"itemListElement\":[{\"@type\":\"ListItem\",\"position\":1,\"name\":\"Home\",\"item\":\"https:\/\/uk607.directrouter.com\/~cyqhytou\/spanish\/\"},{\"@type\":\"ListItem\",\"position\":2,\"name\":\"Calidad\"}]}]}<\/script>\n<!-- \/ Yoast SEO plugin. -->","yoast_head_json":{"title":"Calidad - welfaremedical.com","robots":{"index":"index","follow":"follow","max-snippet":"max-snippet:-1","max-image-preview":"max-image-preview:large","max-video-preview":"max-video-preview:-1"},"canonical":"https:\/\/uk607.directrouter.com\/~cyqhytou\/spanish\/quality","og_locale":"en_US","og_type":"article","og_title":"Calidad - welfaremedical.com","og_description":"[vc_row][vc_column width=&#8221;1\/4&#8243;][vc_single_image image=&#8221;50134&#8243; img_size=&#8221;full&#8221;][\/vc_column][vc_column width=&#8221;3\/4&#8243;][vc_column_text]Para garantizar la calidad de nuestros dispositivos innovadores para la\u00a0comunidad\u00a0m\u00e9dica\u00a0, tenemos un sistema de gesti\u00f3n de calidad formal que est\u00e1 certificado seg\u00fan los requisitos de ISO13485: 2016.\u00a0Todos los productos de Welfare Medical tienen la marca CE.\u00a0Estamos comprometidos a mantener un sistema de calidad que proporcione productos y servicios seguros y eficaces&hellip;","og_url":"https:\/\/uk607.directrouter.com\/~cyqhytou\/spanish\/quality","og_site_name":"welfaremedical.com","article_modified_time":"2021-09-14T18:06:37+00:00","og_image":[{"url":"https:\/\/uk607.directrouter.com\/~cyqhytou\/wp-content\/uploads\/2021\/09\/tuv.jpg"}],"twitter_card":"summary_large_image","twitter_misc":{"Est. reading time":"2 minutes"},"schema":{"@context":"https:\/\/schema.org","@graph":[{"@type":"WebSite","@id":"https:\/\/uk607.directrouter.com\/~cyqhytou\/spanish\/#website","url":"https:\/\/uk607.directrouter.com\/~cyqhytou\/spanish\/","name":"welfaremedical.com","description":"welfaremedical.com","potentialAction":[{"@type":"SearchAction","target":{"@type":"EntryPoint","urlTemplate":"https:\/\/uk607.directrouter.com\/~cyqhytou\/spanish\/?s={search_term_string}"},"query-input":"required name=search_term_string"}],"inLanguage":"en-US"},{"@type":"ImageObject","@id":"https:\/\/uk607.directrouter.com\/~cyqhytou\/spanish\/quality#primaryimage","inLanguage":"en-US","url":"https:\/\/uk607.directrouter.com\/~cyqhytou\/wp-content\/uploads\/2021\/09\/tuv.jpg","contentUrl":"https:\/\/uk607.directrouter.com\/~cyqhytou\/wp-content\/uploads\/2021\/09\/tuv.jpg"},{"@type":"WebPage","@id":"https:\/\/uk607.directrouter.com\/~cyqhytou\/spanish\/quality#webpage","url":"https:\/\/uk607.directrouter.com\/~cyqhytou\/spanish\/quality","name":"Calidad - welfaremedical.com","isPartOf":{"@id":"https:\/\/uk607.directrouter.com\/~cyqhytou\/spanish\/#website"},"primaryImageOfPage":{"@id":"https:\/\/uk607.directrouter.com\/~cyqhytou\/spanish\/quality#primaryimage"},"datePublished":"2021-09-08T15:26:59+00:00","dateModified":"2021-09-14T18:06:37+00:00","breadcrumb":{"@id":"https:\/\/uk607.directrouter.com\/~cyqhytou\/spanish\/quality#breadcrumb"},"inLanguage":"en-US","potentialAction":[{"@type":"ReadAction","target":["https:\/\/uk607.directrouter.com\/~cyqhytou\/spanish\/quality"]}]},{"@type":"BreadcrumbList","@id":"https:\/\/uk607.directrouter.com\/~cyqhytou\/spanish\/quality#breadcrumb","itemListElement":[{"@type":"ListItem","position":1,"name":"Home","item":"https:\/\/uk607.directrouter.com\/~cyqhytou\/spanish\/"},{"@type":"ListItem","position":2,"name":"Calidad"}]}]}},"_links":{"self":[{"href":"https:\/\/uk607.directrouter.com\/~cyqhytou\/spanish\/wp-json\/wp\/v2\/pages\/50141","targetHints":{"allow":["GET"]}}],"collection":[{"href":"https:\/\/uk607.directrouter.com\/~cyqhytou\/spanish\/wp-json\/wp\/v2\/pages"}],"about":[{"href":"https:\/\/uk607.directrouter.com\/~cyqhytou\/spanish\/wp-json\/wp\/v2\/types\/page"}],"author":[{"embeddable":true,"href":"https:\/\/uk607.directrouter.com\/~cyqhytou\/spanish\/wp-json\/wp\/v2\/users\/1"}],"replies":[{"embeddable":true,"href":"https:\/\/uk607.directrouter.com\/~cyqhytou\/spanish\/wp-json\/wp\/v2\/comments?post=50141"}],"version-history":[{"count":4,"href":"https:\/\/uk607.directrouter.com\/~cyqhytou\/spanish\/wp-json\/wp\/v2\/pages\/50141\/revisions"}],"predecessor-version":[{"id":50666,"href":"https:\/\/uk607.directrouter.com\/~cyqhytou\/spanish\/wp-json\/wp\/v2\/pages\/50141\/revisions\/50666"}],"wp:attachment":[{"href":"https:\/\/uk607.directrouter.com\/~cyqhytou\/spanish\/wp-json\/wp\/v2\/media?parent=50141"}],"curies":[{"name":"wp","href":"https:\/\/api.w.org\/{rel}","templated":true}]}}