{"id":50133,"date":"2021-09-08T15:14:49","date_gmt":"2021-09-08T15:14:49","guid":{"rendered":"https:\/\/uk607.directrouter.com\/~cyqhytou\/?page_id=50133"},"modified":"2021-09-14T18:08:47","modified_gmt":"2021-09-14T18:08:47","slug":"mission","status":"publish","type":"page","link":"https:\/\/uk607.directrouter.com\/~cyqhytou\/spanish\/mission","title":{"rendered":"MISI\u00d3N"},"content":{"rendered":"<p>[vc_row][vc_column width=&#8221;1\/4&#8243;][vc_single_image image=&#8221;50134&#8243; img_size=&#8221;full&#8221;][\/vc_column][vc_column width=&#8221;3\/4&#8243;]<div id=\"ultimate-heading-344869fb8410a5782\" class=\"uvc-heading ult-adjust-bottom-margin ultimate-heading-344869fb8410a5782 uvc-7138  uvc-heading-default-font-sizes\" data-hspacer=\"no_spacer\"  data-halign=\"left\" style=\"text-align:left\"><div class=\"uvc-heading-spacer no_spacer\" style=\"top\"><\/div><div class=\"uvc-main-heading ult-responsive\"  data-ultimate-target='.uvc-heading.ultimate-heading-344869fb8410a5782 h2'  data-responsive-json-new='{\"font-size\":\"\",\"line-height\":\"\"}' ><h2 style=\"--font-weight:theme;\">Innovaci\u00f3n, cambio y progreso.<\/h2><\/div><\/div>[vc_column_text]Buscamos ofrecer productos de calidad de forma r\u00e1pida, fiable y competitiva a todos nuestros clientes.\u00a0Estamos enfocados en el cliente y somos flexibles con soluciones innovadoras que ofrecen productos que mejoran significativamente la eficiencia y efectividad de los procedimientos quir\u00fargicos m\u00e1s desafiantes de la actualidad.<\/p>\n<p>Estamos comprometidos a brindar el m\u00e1s alto nivel de excelencia a todos nuestros clientes a trav\u00e9s de un valor integral y un servicio agregado.[\/vc_column_text]<div id=\"ultimate-heading-105569fb8410a57da\" class=\"uvc-heading ult-adjust-bottom-margin ultimate-heading-105569fb8410a57da uvc-3777  uvc-heading-default-font-sizes\" data-hspacer=\"no_spacer\"  data-halign=\"left\" style=\"text-align:left\"><div class=\"uvc-heading-spacer no_spacer\" style=\"top\"><\/div><div class=\"uvc-main-heading ult-responsive\"  data-ultimate-target='.uvc-heading.ultimate-heading-105569fb8410a57da h2'  data-responsive-json-new='{\"font-size\":\"\",\"line-height\":\"\"}' ><h2 style=\"--font-weight:theme;\">Welfare Medical sus soluciones quir\u00fargicas<\/h2><\/div><\/div>[\/vc_column][\/vc_row][vc_row][vc_column][\/vc_column][\/vc_row]<\/p>\n","protected":false},"excerpt":{"rendered":"<p>[vc_row][vc_column width=&#8221;1\/4&#8243;][vc_single_image image=&#8221;50134&#8243; img_size=&#8221;full&#8221;][\/vc_column][vc_column width=&#8221;3\/4&#8243;][vc_column_text]Buscamos ofrecer productos de calidad de forma r\u00e1pida, fiable y competitiva a todos nuestros clientes.\u00a0Estamos enfocados en el cliente y somos flexibles con soluciones innovadoras que ofrecen productos que mejoran significativamente la eficiencia y efectividad de los procedimientos quir\u00fargicos m\u00e1s desafiantes de la actualidad. Estamos comprometidos a brindar el m\u00e1s alto&hellip;<\/p>\n","protected":false},"author":1,"featured_media":0,"parent":0,"menu_order":0,"comment_status":"closed","ping_status":"closed","template":"","meta":[],"class_list":["post-50133","page","type-page","status-publish","hentry","description-off"],"yoast_head":"<!-- This site is optimized with the Yoast SEO plugin v17.0 - https:\/\/yoast.com\/wordpress\/plugins\/seo\/ -->\n<title>MISI\u00d3N - welfaremedical.com<\/title>\n<meta name=\"robots\" content=\"index, follow, max-snippet:-1, max-image-preview:large, max-video-preview:-1\" \/>\n<link rel=\"canonical\" href=\"https:\/\/uk607.directrouter.com\/~cyqhytou\/spanish\/mission\" \/>\n<meta property=\"og:locale\" content=\"en_US\" \/>\n<meta property=\"og:type\" content=\"article\" \/>\n<meta property=\"og:title\" content=\"MISI\u00d3N - welfaremedical.com\" \/>\n<meta property=\"og:description\" content=\"[vc_row][vc_column width=&#8221;1\/4&#8243;][vc_single_image image=&#8221;50134&#8243; img_size=&#8221;full&#8221;][\/vc_column][vc_column width=&#8221;3\/4&#8243;][vc_column_text]Buscamos ofrecer productos de calidad de forma r\u00e1pida, fiable y competitiva a todos nuestros clientes.\u00a0Estamos enfocados en el cliente y somos flexibles con soluciones innovadoras que ofrecen productos que mejoran significativamente la eficiencia y efectividad de los procedimientos quir\u00fargicos m\u00e1s desafiantes de la actualidad. Estamos comprometidos a brindar el m\u00e1s alto&hellip;\" \/>\n<meta property=\"og:url\" content=\"https:\/\/uk607.directrouter.com\/~cyqhytou\/spanish\/mission\" \/>\n<meta property=\"og:site_name\" content=\"welfaremedical.com\" \/>\n<meta property=\"article:modified_time\" content=\"2021-09-14T18:08:47+00:00\" \/>\n<meta name=\"twitter:card\" content=\"summary_large_image\" \/>\n<meta name=\"twitter:label1\" content=\"Est. reading time\" \/>\n\t<meta name=\"twitter:data1\" content=\"1 minute\" \/>\n<script type=\"application\/ld+json\" class=\"yoast-schema-graph\">{\"@context\":\"https:\/\/schema.org\",\"@graph\":[{\"@type\":\"WebSite\",\"@id\":\"https:\/\/uk607.directrouter.com\/~cyqhytou\/spanish\/#website\",\"url\":\"https:\/\/uk607.directrouter.com\/~cyqhytou\/spanish\/\",\"name\":\"welfaremedical.com\",\"description\":\"welfaremedical.com\",\"potentialAction\":[{\"@type\":\"SearchAction\",\"target\":{\"@type\":\"EntryPoint\",\"urlTemplate\":\"https:\/\/uk607.directrouter.com\/~cyqhytou\/spanish\/?s={search_term_string}\"},\"query-input\":\"required name=search_term_string\"}],\"inLanguage\":\"en-US\"},{\"@type\":\"WebPage\",\"@id\":\"https:\/\/uk607.directrouter.com\/~cyqhytou\/spanish\/mission#webpage\",\"url\":\"https:\/\/uk607.directrouter.com\/~cyqhytou\/spanish\/mission\",\"name\":\"MISI\\u00d3N - welfaremedical.com\",\"isPartOf\":{\"@id\":\"https:\/\/uk607.directrouter.com\/~cyqhytou\/spanish\/#website\"},\"datePublished\":\"2021-09-08T15:14:49+00:00\",\"dateModified\":\"2021-09-14T18:08:47+00:00\",\"breadcrumb\":{\"@id\":\"https:\/\/uk607.directrouter.com\/~cyqhytou\/spanish\/mission#breadcrumb\"},\"inLanguage\":\"en-US\",\"potentialAction\":[{\"@type\":\"ReadAction\",\"target\":[\"https:\/\/uk607.directrouter.com\/~cyqhytou\/spanish\/mission\"]}]},{\"@type\":\"BreadcrumbList\",\"@id\":\"https:\/\/uk607.directrouter.com\/~cyqhytou\/spanish\/mission#breadcrumb\",\"itemListElement\":[{\"@type\":\"ListItem\",\"position\":1,\"name\":\"Home\",\"item\":\"https:\/\/uk607.directrouter.com\/~cyqhytou\/spanish\/\"},{\"@type\":\"ListItem\",\"position\":2,\"name\":\"MISI\\u00d3N\"}]}]}<\/script>\n<!-- \/ Yoast SEO plugin. -->","yoast_head_json":{"title":"MISI\u00d3N - welfaremedical.com","robots":{"index":"index","follow":"follow","max-snippet":"max-snippet:-1","max-image-preview":"max-image-preview:large","max-video-preview":"max-video-preview:-1"},"canonical":"https:\/\/uk607.directrouter.com\/~cyqhytou\/spanish\/mission","og_locale":"en_US","og_type":"article","og_title":"MISI\u00d3N - welfaremedical.com","og_description":"[vc_row][vc_column width=&#8221;1\/4&#8243;][vc_single_image image=&#8221;50134&#8243; img_size=&#8221;full&#8221;][\/vc_column][vc_column width=&#8221;3\/4&#8243;][vc_column_text]Buscamos ofrecer productos de calidad de forma r\u00e1pida, fiable y competitiva a todos nuestros clientes.\u00a0Estamos enfocados en el cliente y somos flexibles con soluciones innovadoras que ofrecen productos que mejoran significativamente la eficiencia y efectividad de los procedimientos quir\u00fargicos m\u00e1s desafiantes de la actualidad. Estamos comprometidos a brindar el m\u00e1s alto&hellip;","og_url":"https:\/\/uk607.directrouter.com\/~cyqhytou\/spanish\/mission","og_site_name":"welfaremedical.com","article_modified_time":"2021-09-14T18:08:47+00:00","twitter_card":"summary_large_image","twitter_misc":{"Est. reading time":"1 minute"},"schema":{"@context":"https:\/\/schema.org","@graph":[{"@type":"WebSite","@id":"https:\/\/uk607.directrouter.com\/~cyqhytou\/spanish\/#website","url":"https:\/\/uk607.directrouter.com\/~cyqhytou\/spanish\/","name":"welfaremedical.com","description":"welfaremedical.com","potentialAction":[{"@type":"SearchAction","target":{"@type":"EntryPoint","urlTemplate":"https:\/\/uk607.directrouter.com\/~cyqhytou\/spanish\/?s={search_term_string}"},"query-input":"required name=search_term_string"}],"inLanguage":"en-US"},{"@type":"WebPage","@id":"https:\/\/uk607.directrouter.com\/~cyqhytou\/spanish\/mission#webpage","url":"https:\/\/uk607.directrouter.com\/~cyqhytou\/spanish\/mission","name":"MISI\u00d3N - welfaremedical.com","isPartOf":{"@id":"https:\/\/uk607.directrouter.com\/~cyqhytou\/spanish\/#website"},"datePublished":"2021-09-08T15:14:49+00:00","dateModified":"2021-09-14T18:08:47+00:00","breadcrumb":{"@id":"https:\/\/uk607.directrouter.com\/~cyqhytou\/spanish\/mission#breadcrumb"},"inLanguage":"en-US","potentialAction":[{"@type":"ReadAction","target":["https:\/\/uk607.directrouter.com\/~cyqhytou\/spanish\/mission"]}]},{"@type":"BreadcrumbList","@id":"https:\/\/uk607.directrouter.com\/~cyqhytou\/spanish\/mission#breadcrumb","itemListElement":[{"@type":"ListItem","position":1,"name":"Home","item":"https:\/\/uk607.directrouter.com\/~cyqhytou\/spanish\/"},{"@type":"ListItem","position":2,"name":"MISI\u00d3N"}]}]}},"_links":{"self":[{"href":"https:\/\/uk607.directrouter.com\/~cyqhytou\/spanish\/wp-json\/wp\/v2\/pages\/50133","targetHints":{"allow":["GET"]}}],"collection":[{"href":"https:\/\/uk607.directrouter.com\/~cyqhytou\/spanish\/wp-json\/wp\/v2\/pages"}],"about":[{"href":"https:\/\/uk607.directrouter.com\/~cyqhytou\/spanish\/wp-json\/wp\/v2\/types\/page"}],"author":[{"embeddable":true,"href":"https:\/\/uk607.directrouter.com\/~cyqhytou\/spanish\/wp-json\/wp\/v2\/users\/1"}],"replies":[{"embeddable":true,"href":"https:\/\/uk607.directrouter.com\/~cyqhytou\/spanish\/wp-json\/wp\/v2\/comments?post=50133"}],"version-history":[{"count":6,"href":"https:\/\/uk607.directrouter.com\/~cyqhytou\/spanish\/wp-json\/wp\/v2\/pages\/50133\/revisions"}],"predecessor-version":[{"id":50667,"href":"https:\/\/uk607.directrouter.com\/~cyqhytou\/spanish\/wp-json\/wp\/v2\/pages\/50133\/revisions\/50667"}],"wp:attachment":[{"href":"https:\/\/uk607.directrouter.com\/~cyqhytou\/spanish\/wp-json\/wp\/v2\/media?parent=50133"}],"curies":[{"name":"wp","href":"https:\/\/api.w.org\/{rel}","templated":true}]}}