{"id":50124,"date":"2021-09-08T14:56:48","date_gmt":"2021-09-08T14:56:48","guid":{"rendered":"https:\/\/uk607.directrouter.com\/~cyqhytou\/?page_id=50124"},"modified":"2021-09-14T18:02:22","modified_gmt":"2021-09-14T18:02:22","slug":"social-corporate-responsibility","status":"publish","type":"page","link":"https:\/\/uk607.directrouter.com\/~cyqhytou\/spanish\/social-corporate-responsibility","title":{"rendered":"Social Corporate Responsibility"},"content":{"rendered":"<p>[vc_row][vc_column][vc_single_image image=&#8221;50125&#8243; img_size=&#8221;full&#8221;][\/vc_column][\/vc_row][vc_row][vc_column width=&#8221;2\/3&#8243;][vc_column_text]<span>Bangladesh es uno de los condados m\u00e1s densamente poblados del mundo, con su gente api\u00f1ada en un delta de r\u00edos que desemboca en la Bah\u00eda de Bengala.\u00a0<\/span><span>La pobreza es profunda y generalizada.\u00a0<\/span><span>Bangladesh todav\u00eda se considera uno de los pa\u00edses m\u00e1s pobres del mundo y, con un 31,5%, tiene el porcentaje m\u00e1s alto de su poblaci\u00f3n que vive por debajo de la l\u00ednea de pobreza nacional en el sur de Asia.\u00a0<\/span><span>Eso es aproximadamente 50,7 millones de personas, un n\u00famero que es m\u00e1s del doble de toda la poblaci\u00f3n de Australia.<\/span>[\/vc_column_text][vc_column_text]<span>Se estima que hay 16 millones de personas con discapacidad en Bangladesh, o el 10% de la poblaci\u00f3n del pa\u00eds.\u00a0<\/span><span>En 2017, la prevalencia de la discapacidad fue de aproximadamente el 6% entre los menores de 18 a\u00f1os y aproximadamente el 14% entre los mayores de esa edad.\u00a0<\/span><span>El Consejo de Bienestar Infantil de Bangladesh (BCCW) es una organizaci\u00f3n de desarrollo pionera en el campo del bienestar infantil en Bangladesh.\u00a0<\/span><span>Es una organizaci\u00f3n comprometida a realizar esfuerzos planificados para el desarrollo total de los ni\u00f1os con especial atenci\u00f3n a las necesidades de los discapacitados y desfavorecidos.\u00a0<\/span><span>Welfare Medical se complace en apoyar y cooperar con esta organizaci\u00f3n especial con el trabajo que realizan.\u00a0<\/span><span>Se pueden ver m\u00e1s detalles en:<\/span>[\/vc_column_text][\/vc_column][vc_column width=&#8221;1\/3&#8243;][vc_single_image image=&#8221;50130&#8243; img_size=&#8221;full&#8221;][vc_single_image image=&#8221;50129&#8243; img_size=&#8221;full&#8221;][\/vc_column][\/vc_row]<\/p>\n","protected":false},"excerpt":{"rendered":"<p>[vc_row][vc_column][vc_single_image image=&#8221;50125&#8243; img_size=&#8221;full&#8221;][\/vc_column][\/vc_row][vc_row][vc_column width=&#8221;2\/3&#8243;][vc_column_text]Bangladesh es uno de los condados m\u00e1s densamente poblados del mundo, con su gente api\u00f1ada en un delta de r\u00edos que desemboca en la Bah\u00eda de Bengala.\u00a0La pobreza es profunda y generalizada.\u00a0Bangladesh todav\u00eda se considera uno de los pa\u00edses m\u00e1s pobres del mundo y, con un 31,5%, tiene el porcentaje m\u00e1s alto&hellip;<\/p>\n","protected":false},"author":1,"featured_media":0,"parent":0,"menu_order":0,"comment_status":"closed","ping_status":"closed","template":"","meta":[],"class_list":["post-50124","page","type-page","status-publish","hentry","description-off"],"yoast_head":"<!-- This site is optimized with the Yoast SEO plugin v17.0 - https:\/\/yoast.com\/wordpress\/plugins\/seo\/ -->\n<title>Social Corporate Responsibility - welfaremedical.com<\/title>\n<meta name=\"robots\" content=\"index, follow, max-snippet:-1, max-image-preview:large, max-video-preview:-1\" \/>\n<link rel=\"canonical\" href=\"https:\/\/uk607.directrouter.com\/~cyqhytou\/spanish\/social-corporate-responsibility\" \/>\n<meta property=\"og:locale\" content=\"en_US\" \/>\n<meta property=\"og:type\" content=\"article\" \/>\n<meta property=\"og:title\" content=\"Social Corporate Responsibility - welfaremedical.com\" \/>\n<meta property=\"og:description\" content=\"[vc_row][vc_column][vc_single_image image=&#8221;50125&#8243; img_size=&#8221;full&#8221;][\/vc_column][\/vc_row][vc_row][vc_column width=&#8221;2\/3&#8243;][vc_column_text]Bangladesh es uno de los condados m\u00e1s densamente poblados del mundo, con su gente api\u00f1ada en un delta de r\u00edos que desemboca en la Bah\u00eda de Bengala.\u00a0La pobreza es profunda y generalizada.\u00a0Bangladesh todav\u00eda se considera uno de los pa\u00edses m\u00e1s pobres del mundo y, con un 31,5%, tiene el porcentaje m\u00e1s alto&hellip;\" \/>\n<meta property=\"og:url\" content=\"https:\/\/uk607.directrouter.com\/~cyqhytou\/spanish\/social-corporate-responsibility\" \/>\n<meta property=\"og:site_name\" content=\"welfaremedical.com\" \/>\n<meta property=\"article:modified_time\" content=\"2021-09-14T18:02:22+00:00\" \/>\n<meta name=\"twitter:card\" content=\"summary_large_image\" \/>\n<meta name=\"twitter:label1\" content=\"Est. reading time\" \/>\n\t<meta name=\"twitter:data1\" content=\"1 minute\" \/>\n<script type=\"application\/ld+json\" class=\"yoast-schema-graph\">{\"@context\":\"https:\/\/schema.org\",\"@graph\":[{\"@type\":\"WebSite\",\"@id\":\"https:\/\/uk607.directrouter.com\/~cyqhytou\/spanish\/#website\",\"url\":\"https:\/\/uk607.directrouter.com\/~cyqhytou\/spanish\/\",\"name\":\"welfaremedical.com\",\"description\":\"welfaremedical.com\",\"potentialAction\":[{\"@type\":\"SearchAction\",\"target\":{\"@type\":\"EntryPoint\",\"urlTemplate\":\"https:\/\/uk607.directrouter.com\/~cyqhytou\/spanish\/?s={search_term_string}\"},\"query-input\":\"required name=search_term_string\"}],\"inLanguage\":\"en-US\"},{\"@type\":\"WebPage\",\"@id\":\"https:\/\/uk607.directrouter.com\/~cyqhytou\/spanish\/social-corporate-responsibility#webpage\",\"url\":\"https:\/\/uk607.directrouter.com\/~cyqhytou\/spanish\/social-corporate-responsibility\",\"name\":\"Social Corporate Responsibility - welfaremedical.com\",\"isPartOf\":{\"@id\":\"https:\/\/uk607.directrouter.com\/~cyqhytou\/spanish\/#website\"},\"datePublished\":\"2021-09-08T14:56:48+00:00\",\"dateModified\":\"2021-09-14T18:02:22+00:00\",\"breadcrumb\":{\"@id\":\"https:\/\/uk607.directrouter.com\/~cyqhytou\/spanish\/social-corporate-responsibility#breadcrumb\"},\"inLanguage\":\"en-US\",\"potentialAction\":[{\"@type\":\"ReadAction\",\"target\":[\"https:\/\/uk607.directrouter.com\/~cyqhytou\/spanish\/social-corporate-responsibility\"]}]},{\"@type\":\"BreadcrumbList\",\"@id\":\"https:\/\/uk607.directrouter.com\/~cyqhytou\/spanish\/social-corporate-responsibility#breadcrumb\",\"itemListElement\":[{\"@type\":\"ListItem\",\"position\":1,\"name\":\"Home\",\"item\":\"https:\/\/uk607.directrouter.com\/~cyqhytou\/spanish\/\"},{\"@type\":\"ListItem\",\"position\":2,\"name\":\"Social Corporate Responsibility\"}]}]}<\/script>\n<!-- \/ Yoast SEO plugin. -->","yoast_head_json":{"title":"Social Corporate Responsibility - welfaremedical.com","robots":{"index":"index","follow":"follow","max-snippet":"max-snippet:-1","max-image-preview":"max-image-preview:large","max-video-preview":"max-video-preview:-1"},"canonical":"https:\/\/uk607.directrouter.com\/~cyqhytou\/spanish\/social-corporate-responsibility","og_locale":"en_US","og_type":"article","og_title":"Social Corporate Responsibility - welfaremedical.com","og_description":"[vc_row][vc_column][vc_single_image image=&#8221;50125&#8243; img_size=&#8221;full&#8221;][\/vc_column][\/vc_row][vc_row][vc_column width=&#8221;2\/3&#8243;][vc_column_text]Bangladesh es uno de los condados m\u00e1s densamente poblados del mundo, con su gente api\u00f1ada en un delta de r\u00edos que desemboca en la Bah\u00eda de Bengala.\u00a0La pobreza es profunda y generalizada.\u00a0Bangladesh todav\u00eda se considera uno de los pa\u00edses m\u00e1s pobres del mundo y, con un 31,5%, tiene el porcentaje m\u00e1s alto&hellip;","og_url":"https:\/\/uk607.directrouter.com\/~cyqhytou\/spanish\/social-corporate-responsibility","og_site_name":"welfaremedical.com","article_modified_time":"2021-09-14T18:02:22+00:00","twitter_card":"summary_large_image","twitter_misc":{"Est. reading time":"1 minute"},"schema":{"@context":"https:\/\/schema.org","@graph":[{"@type":"WebSite","@id":"https:\/\/uk607.directrouter.com\/~cyqhytou\/spanish\/#website","url":"https:\/\/uk607.directrouter.com\/~cyqhytou\/spanish\/","name":"welfaremedical.com","description":"welfaremedical.com","potentialAction":[{"@type":"SearchAction","target":{"@type":"EntryPoint","urlTemplate":"https:\/\/uk607.directrouter.com\/~cyqhytou\/spanish\/?s={search_term_string}"},"query-input":"required name=search_term_string"}],"inLanguage":"en-US"},{"@type":"WebPage","@id":"https:\/\/uk607.directrouter.com\/~cyqhytou\/spanish\/social-corporate-responsibility#webpage","url":"https:\/\/uk607.directrouter.com\/~cyqhytou\/spanish\/social-corporate-responsibility","name":"Social Corporate Responsibility - welfaremedical.com","isPartOf":{"@id":"https:\/\/uk607.directrouter.com\/~cyqhytou\/spanish\/#website"},"datePublished":"2021-09-08T14:56:48+00:00","dateModified":"2021-09-14T18:02:22+00:00","breadcrumb":{"@id":"https:\/\/uk607.directrouter.com\/~cyqhytou\/spanish\/social-corporate-responsibility#breadcrumb"},"inLanguage":"en-US","potentialAction":[{"@type":"ReadAction","target":["https:\/\/uk607.directrouter.com\/~cyqhytou\/spanish\/social-corporate-responsibility"]}]},{"@type":"BreadcrumbList","@id":"https:\/\/uk607.directrouter.com\/~cyqhytou\/spanish\/social-corporate-responsibility#breadcrumb","itemListElement":[{"@type":"ListItem","position":1,"name":"Home","item":"https:\/\/uk607.directrouter.com\/~cyqhytou\/spanish\/"},{"@type":"ListItem","position":2,"name":"Social Corporate Responsibility"}]}]}},"_links":{"self":[{"href":"https:\/\/uk607.directrouter.com\/~cyqhytou\/spanish\/wp-json\/wp\/v2\/pages\/50124","targetHints":{"allow":["GET"]}}],"collection":[{"href":"https:\/\/uk607.directrouter.com\/~cyqhytou\/spanish\/wp-json\/wp\/v2\/pages"}],"about":[{"href":"https:\/\/uk607.directrouter.com\/~cyqhytou\/spanish\/wp-json\/wp\/v2\/types\/page"}],"author":[{"embeddable":true,"href":"https:\/\/uk607.directrouter.com\/~cyqhytou\/spanish\/wp-json\/wp\/v2\/users\/1"}],"replies":[{"embeddable":true,"href":"https:\/\/uk607.directrouter.com\/~cyqhytou\/spanish\/wp-json\/wp\/v2\/comments?post=50124"}],"version-history":[{"count":5,"href":"https:\/\/uk607.directrouter.com\/~cyqhytou\/spanish\/wp-json\/wp\/v2\/pages\/50124\/revisions"}],"predecessor-version":[{"id":50664,"href":"https:\/\/uk607.directrouter.com\/~cyqhytou\/spanish\/wp-json\/wp\/v2\/pages\/50124\/revisions\/50664"}],"wp:attachment":[{"href":"https:\/\/uk607.directrouter.com\/~cyqhytou\/spanish\/wp-json\/wp\/v2\/media?parent=50124"}],"curies":[{"name":"wp","href":"https:\/\/api.w.org\/{rel}","templated":true}]}}